{"id":311,"date":"2016-11-24T02:46:36","date_gmt":"2016-11-24T01:46:36","guid":{"rendered":"http:\/\/www.jenniferetlaurent.com\/?page_id=311"},"modified":"2017-06-03T15:01:02","modified_gmt":"2017-06-03T13:01:02","slug":"hebergements-et-transports","status":"publish","type":"page","link":"https:\/\/www.jenniferetlaurent.com\/index.php\/hebergements-et-transports\/","title":{"rendered":"H\u00e9bergements et Transports"},"content":{"rendered":"<h2><strong>Les\u00a0<\/strong><b>H\u00e9bergements<\/b><\/h2>\n<p><strong><img loading=\"lazy\" class=\"wp-image-329 alignleft\" src=\"https:\/\/www.jenniferetlaurent.com\/wp-content\/uploads\/2016\/11\/plage_de_palombaggia_et_sa_pinede-1-300x200.jpg\" alt=\"plage_de_palombaggia_et_sa_pinede\" width=\"350\" height=\"233\" \/>Chers Amis, Chers membres de nos familles,<br \/>\n<\/strong><br \/>\nVous trouverez dans cette page que nous mettrons \u00e0 jour r\u00e9guli\u00e8rement les adresses de tous les h\u00e9bergements que nous vous recommandons autour du lieu de la soir\u00e9e.<br \/>\nVous trouverez aussi ici quelques conseils pratiques et toutes les informations que nous ne pouvions pas mettre dans le faire-part.<\/p>\n<p>Vous pouvez nous poser toutes vos questions jusqu&rsquo;au jour du mariage (l\u00e0 nous ne garantissons pas de r\u00e9pondre !).<br \/>\n<strong>Nous avons h\u00e2te de vous retrouver en Corse en Juin prochain !<\/strong><\/p>\n<p>Voici quelques informations relatives aux h\u00e9bergements : la soir\u00e9e de mariage de d\u00e9roulant \u00e0<strong> Santa Giulia<\/strong> (\u00e0 la sortie sud de Porto Vecchio, au d\u00e9but de la route qui file vers Bonifacio), nous vous vous conseillons de privil\u00e9gier les h\u00e9bergements dans la zone suivante : Santa Giulia, Palombaggia, Porto Vecchio Sud.<br \/>\nEvitez Lecci, Saint Cyprien, Cala Rossa qui sont au nord de Porto Vecchio et assez loin du lieu de la soir\u00e9e.<\/p>\n<p>Vous trouverez la plupart des h\u00e9bergements de Porto Vecchio sur le site de <strong><a href=\"http:\/\/www.ot-portovecchio.com\/porto-vecchio\/sud-corse.php?lang=fr&amp;menu=225\" target=\"_blank\" rel=\"noopener noreferrer\">l&rsquo;Office de Tourisme de la commune<\/a>; <\/strong>et nous vous\u00a0recommandons\u00a0de passer par<strong> <a href=\"https:\/\/www.agoda.com\/fr-fr\/\" target=\"_blank\" rel=\"noopener noreferrer\">le site de r\u00e9servations\u00a0AGODA<\/a> <\/strong>qui est simple d&rsquo;utilisation, complet sur l&rsquo;offre en Corse et affiche des tarifs avantageux.<\/p>\n<p>Les h\u00e9bergements les plus proches de la soir\u00e9e :<\/p>\n<p><strong><a href=\"http:\/\/www.sud-corse.com\/hotel-moby-dick_pageid211.html\" target=\"_blank\" rel=\"noopener noreferrer\"><img loading=\"lazy\" class=\" wp-image-462 alignright\" src=\"https:\/\/www.jenniferetlaurent.com\/wp-content\/uploads\/2016\/11\/hotel-moby-dick-300x169.jpg\" alt=\"\" width=\"243\" height=\"137\" srcset=\"https:\/\/www.jenniferetlaurent.com\/wp-content\/uploads\/2016\/11\/hotel-moby-dick-300x169.jpg 300w, https:\/\/www.jenniferetlaurent.com\/wp-content\/uploads\/2016\/11\/hotel-moby-dick-768x432.jpg 768w, https:\/\/www.jenniferetlaurent.com\/wp-content\/uploads\/2016\/11\/hotel-moby-dick-1024x576.jpg 1024w, https:\/\/www.jenniferetlaurent.com\/wp-content\/uploads\/2016\/11\/hotel-moby-dick-1080x608.jpg 1080w, https:\/\/www.jenniferetlaurent.com\/wp-content\/uploads\/2016\/11\/hotel-moby-dick-540x304.jpg 540w, https:\/\/www.jenniferetlaurent.com\/wp-content\/uploads\/2016\/11\/hotel-moby-dick.jpg 1280w\" sizes=\"(max-width: 243px) 100vw, 243px\" \/>&#8211; H\u00f4tel Moby Dick 4*:<\/a><\/strong><br \/>\nSur la plage de Santa Giulia, vous\u00a0pourrez rentrer en 15 minutes \u00e0 pied apr\u00e8s le mariage en longeant la plage (il faudra pr\u00e9voir une petite lampe de poche dans la pochette de Madame ! ).<br \/>\nBel h\u00f4tel jouissant d&rsquo;un emplacement exceptionnel, les pieds dans l&rsquo;eau !<br \/>\nLes r\u00e9servations 2017 sont ouvertes. H\u00f4tel pris d&rsquo;assaut, ne tardez pas \u00e0 r\u00e9server.<\/p>\n<p>L&rsquo;h\u00f4tel fait partie du Domaine \u00ab\u00a0<strong><a href=\"http:\/\/www.sud-corse.com\/\" target=\"_blank\" rel=\"noopener noreferrer\">Sud Corse H\u00f4tellerie<\/a><\/strong>\u00a0\u00bb compos\u00e9 de deux h\u00f4tels, dont le Moby Dick qui est le mieux situ\u00e9, et quatre r\u00e9sidences h\u00f4teli\u00e8res.<br \/>\nTous ont l&rsquo;avantage d&rsquo;\u00eatre situ\u00e9s \u00e0 proximit\u00e9 de la plage de Santa Giulia.<br \/>\nIl y a \u00e9galement l&rsquo;<strong><a href=\"http:\/\/www.sud-corse.com\/hotel-castell-verde_pageid212.html\" target=\"_blank\" rel=\"noopener noreferrer\">H\u00f4tel\u00a0Castel Verde \u00a03*<\/a>\u00a0<\/strong>du m\u00eame Groupe \u00e0 5 \/10 minutes \u00e0 pieds.<\/p>\n<p><strong><a href=\"http:\/\/hotelcarrenoir.hotelcloud.co\/#4658\" target=\"_blank\" rel=\"noopener noreferrer\">&#8211; H\u00f4tel Carr\u00e9 Noir 4*:<\/a><\/strong><br \/>\nA 5 minutes en voiture du lieu de la soir\u00e9e, bel h\u00f4tel contemporain avec une tr\u00e8s belle vue sur la baie. Piscine panoramique.<br \/>\nEquipe sympathique.<\/p>\n<p><strong><a href=\"http:\/\/www.santa-giulia.net\/\" target=\"_blank\" rel=\"noopener noreferrer\">&#8211; R\u00e9sidence Santa Giulia Palace 4*:<\/a><\/strong><br \/>\nSitu\u00e9e juste en face du lieu de la soir\u00e9e du mariage et \u00e0 400 m\u00e8tres de la plage (env. 10 minutes \u00e0 pied, 3 minutes en voiture, le portail de la r\u00e9sidence est en face de celui du lieu de la soir\u00e9e), belles r\u00e9sidence avec 3 cat\u00e9gories d&rsquo;appartements: Classique, Confort et Premium.<br \/>\nL&rsquo;avantage des Premium, qui sont plut\u00f4t chers, est d&rsquo;avoir une belle vue mer dominante, une d\u00e9co contemporaine (elles viennent d&rsquo;\u00eatre refaites), le m\u00e9nage compris 2 fois par semaine, et un couloir de nage r\u00e9serv\u00e9.<br \/>\nPour toutes les cat\u00e9gories de chambres : draps et serviettes fournis, possibilit\u00e9 de petit d\u00e9jeuner (12\u20ac\/personne).<\/p>\n<p><img loading=\"lazy\" class=\" wp-image-464 alignleft\" src=\"https:\/\/www.jenniferetlaurent.com\/wp-content\/uploads\/2016\/11\/ST-GUILIA-300x224.png\" alt=\"\" width=\"182\" height=\"136\" \/>Autour de Santa Giulia, vous trouverez plusieurs r\u00e9sidences de tourisme (locations d&rsquo;appartements) :<br \/>\n&#8211; La plus proche du lieu du mariage : <a href=\"http:\/\/www.santa-giulia.net\/\" target=\"_blank\" rel=\"noopener noreferrer\"><strong>R\u00e9sidence Santa Giulia Palace<\/strong><\/a><br \/>\n&#8211; A peine plus loin (\u00e0 quelques minutes de voiture) : <strong><a href=\"http:\/\/www.santa-giulia.fr\/\" target=\"_blank\" rel=\"noopener noreferrer\">R\u00e9sidence Alivi di Santa Giulia<\/a><\/strong><br \/>\n&#8211; <a href=\"http:\/\/www.marinadisantagiulia.fr\/\" target=\"_blank\" rel=\"noopener noreferrer\"><strong>R\u00e9sidence Marina Di Santa Giulia<\/strong><\/a><br \/>\n<strong>&#8211; <a href=\"http:\/\/www.sud-corse.com\/\" target=\"_blank\" rel=\"noopener noreferrer\">R\u00e9sidence Costa Nera<\/a><\/strong> (fait partie du Domaine Sud Corse H\u00f4tellerie d\u00e9crite ci dessus)<br \/>\n&#8211; R\u00e9sidence <strong><a href=\"http:\/\/www.boccadeloro-residence.com\/\" target=\"_blank\" rel=\"noopener noreferrer\">Les Hameaux de Bocca Dell&rsquo;Oro<\/a><\/strong><\/p>\n<p>Pour compl\u00e9ter le liste des h\u00f4tels, en voici quelques uns qui valent le d\u00e9tour, un peu plus loin du lieu du mariage (entre 10 et 20 minutes en voiture, dur\u00e9e qui peut \u00eatre augment\u00e9e par les bouchons, fr\u00e9quents \u00e0 cette p\u00e9riode de l&rsquo;ann\u00e9e) :<br \/>\n<strong><a href=\"http:\/\/www.hotelmariosa.com\/\" target=\"_blank\" rel=\"noopener noreferrer\">&#8211; H\u00f4tel Mariosa 4*:<\/a><\/strong><br \/>\nH\u00f4tel familial de 27 chambres en bordure d&rsquo;une petite plage, d\u00e9co contemporaine tr\u00e8s r\u00e9ussie (les chambres avec baignoire en \u00eelot sont tr\u00e8s belles), personnel sympathique et bon rapport qualit\u00e9\/prix !<\/p>\n<p><strong><a href=\"http:\/\/www.hotel-palombaggia.com\/fr\/\" target=\"_blank\" rel=\"noopener noreferrer\">&#8211; H\u00f4tel Les Bergeries de Palombaggia 4*:<\/a><\/strong><br \/>\nPetit h\u00f4tel plein de charme; son grand atout est d&rsquo;\u00eatre \u00e0 10 minutes \u00e0 pied, par un petit sentier, de la plage de Palombaggia.<br \/>\nL&rsquo;h\u00f4tel est situ\u00e9 \u00e0 mi-chemin entre Porto Vecchio et le lieu de la soir\u00e9e du mariage.<\/p>\n<p><strong><a href=\"http:\/\/www.casadelmar.fr\/fr\/\" target=\"_blank\" rel=\"noopener noreferrer\">&#8211; H\u00f4tel Casadelmar 5*:<\/a><\/strong><br \/>\nUn lieu exceptionnel, au d\u00e9but de la route de Palombaggia, avec une tr\u00e8s belle vue sur le golfe de Porto Vecchio. Le plus bel h\u00f4tel au sud de Porto Vecchio.<br \/>\nSon \u00ab\u00a0petit fr\u00e8re\u00a0\u00bb, <strong><a href=\"http:\/\/www.laplagecasadelmar.fr\/\" target=\"_blank\" rel=\"noopener noreferrer\">La Plage Casadelmar<\/a><\/strong>, est situ\u00e9 au nord de Porto Vecchio. Les deux \u00e9tablissements sont reli\u00e9s par bateau rapide. Trop chic\u2026 \ud83d\ude09<\/p>\n<p><strong><a href=\"http:\/\/www.hotel-alcyon.com\/\" target=\"_blank\" rel=\"noopener noreferrer\">&#8211; Best Western Alcyon 3*:<\/a><\/strong><br \/>\nH\u00f4tel simple et fonctionnel au centre ville de Porto Vecchio.<br \/>\nTr\u00e8s beau petit d\u00e9jeuner avec vue sur la baie au dernier \u00e9tage de l&rsquo;h\u00f4tel.<\/p>\n<p>Pour ceux qui souhaiteraient louer une maison, le TRES TRES bon plan, au vu des prix g\u00e9n\u00e9ralement pratiqu\u00e9s dans la r\u00e9gion, c&rsquo;est <strong><a href=\"https:\/\/www.airbnb.fr\/\" target=\"_blank\" rel=\"noopener noreferrer\">AIR B&amp;B<\/a><\/strong> \/ <strong><a href=\"https:\/\/www.abritel.fr\/\" target=\"_blank\" rel=\"noopener noreferrer\">ABRITEL<\/a> : <a href=\"https:\/\/www.homelidays.com\/\" target=\"_blank\" rel=\"noopener noreferrer\">HOMELIDAYS<\/a><\/strong> (le site sur lequel l&rsquo;offre est la plus large est AIR B&amp;B) .<br \/>\nATTENTION : Ne tardez pas \u00e0 r\u00e9server, les meilleures offres sont prises d&rsquo;assaut.<br \/>\nVous avez \u00e9galement\u00a0<strong><a href=\"http:\/\/www.chambres-d-hotes-en-corse.com\/\" target=\"_blank\" rel=\"noopener noreferrer\">les chambres d&rsquo;h\u00f4tes<\/a>, <a href=\"https:\/\/www.gites-corsica.com\" target=\"_blank\" rel=\"noopener noreferrer\">les gites<\/a><\/strong>\u00a0en plus de <strong><a href=\"http:\/\/www.booking.com\/\" target=\"_blank\" rel=\"noopener noreferrer\">Booking<\/a><\/strong> ou\u00a0<strong><a href=\"https:\/\/www.airbnb.fr\/\" target=\"_blank\" rel=\"noopener noreferrer\">AirBnB<\/a>.<\/strong><\/p>\n<p>Pour des locations de tr\u00e8s belles villas, la r\u00e9f\u00e9rence c&rsquo;est <strong><a href=\"https:\/\/aggolfe.com\/\" target=\"_blank\" rel=\"noopener noreferrer\">l&rsquo;Agence du Golfe<\/a><\/strong>.<br \/>\n<strong><a href=\"http:\/\/www.lesloftsdepalombaggia.com\/\" target=\"_blank\" rel=\"noopener noreferrer\">Les LOFTS de Palombaggia<\/a><\/strong> sont sublimes aussi (deux villas \u00e0 louer en bordure de la plage de Palombaggia&#8230;<br \/>\nLes tarifs sont aussi exceptionnels que les prestations !)<br \/>\n<img loading=\"lazy\" class=\"wp-image-463 alignright\" src=\"https:\/\/www.jenniferetlaurent.com\/wp-content\/uploads\/2016\/11\/CHITERBIO-300x184.jpg\" alt=\"\" width=\"166\" height=\"102\" srcset=\"https:\/\/www.jenniferetlaurent.com\/wp-content\/uploads\/2016\/11\/CHITERBIO-300x184.jpg 300w, https:\/\/www.jenniferetlaurent.com\/wp-content\/uploads\/2016\/11\/CHITERBIO.jpg 500w\" sizes=\"(max-width: 166px) 100vw, 166px\" \/><br \/>\nDans un esprit plus traditionnel, <strong><a href=\"http:\/\/www.u-paese-di-londella.com\/\" target=\"_blank\" rel=\"noopener noreferrer\">U Paese Di L&rsquo;Ondella<\/a><\/strong> : petites bergeries en pierre de pays regroup\u00e9es autour d&rsquo;une piscine, et notre coup de coeur : <a href=\"http:\/\/www.hros.fr\/hotel\/fr\/domainedechiterbio.fr.html\" target=\"_blank\" rel=\"noopener noreferrer\">Le Domaine de CHITERBIO<\/a> : bergeries corses nich\u00e9es dans le maquis, r\u00e9parties dans un parc de 6 hectares, et se trouvant \u00e0 quelques minutes en voiture du lieu du mariage.<\/p>\n<p>Enfin, pour ceux qui souhaitent louer un appartement en ville, la meilleure adresse : <strong><a href=\"http:\/\/www.lacuve.com\/\" target=\"_blank\" rel=\"noopener noreferrer\">La Cuve Porto Vecchio<\/a><\/strong>, dans l&rsquo;esprit atelier d&rsquo;artiste avec vue mer.<\/p>\n<h2>Les transports<\/h2>\n<p>L&rsquo;a\u00e9roport de destination est FIGARI.<br \/>\nDe nombreuses compagnies desservent cet a\u00e9roport depuis Paris, la Rochelle, Bordeaux, Lille, Bruxelles,&#8230; dont :<\/p>\n<ul>\n<li><a href=\"http:\/\/www.aircorsica.com\/\" target=\"_blank\" rel=\"noopener noreferrer\">Air Corsica<\/a>,<\/li>\n<li><a href=\"http:\/\/www.airfrance.com\/\" target=\"_blank\" rel=\"noopener noreferrer\">Air France<\/a>,<\/li>\n<li><a href=\"http:\/\/www.hop.com\/\" target=\"_blank\" rel=\"noopener noreferrer\">Hop<\/a>,<\/li>\n<li><a href=\"https:\/\/www.ryanair.com\/fr\/fr\/\" target=\"_blank\" rel=\"noopener noreferrer\">Ryanair<\/a>,<\/li>\n<li><a href=\"http:\/\/www.easyjet.com\/fr\/\" target=\"_blank\" rel=\"noopener noreferrer\">EasyJet<\/a>&#8230;<\/li>\n<\/ul>\n<p>Il y a \u00e9galement de nombreux loueurs de voitures (dont 2 pour lesquels nous avons pu n\u00e9gocier des tarifs) :<\/p>\n<ul>\n<li><a href=\"http:\/\/bsp-auto.com\/\" target=\"_blank\" rel=\"noopener noreferrer\">BSP-Auto <\/a>:\u00a0&#8211; 5% sur la location en indiquant lors de votre r\u00e9servation sur le site Internet le code : routard<\/li>\n<li>\n<p class=\"p1\"><a href=\"http:\/\/www.location-voiture-corse.com\" target=\"_blank\" rel=\"noopener noreferrer\">www.location-voiture-corse.com<\/a><span class=\"Apple-converted-space\">\u00a0 : \u00a0<\/span>&#8211; 10% de r\u00e9duction avec le code promo JENNIFER ET LAURENT<br \/>\nApplicable sur les cat\u00e9gories de v\u00e9hicule\u00a0: A \u2013 B \u2013 I \u2013 C \u2013 D \u2013 H \u2013 J<br \/>\nPour toute r\u00e9servation dont la date de prise en charge du v\u00e9hicule est comprise entre le 10 et le 30\/06\/17 inclus.<br \/>\nValidit\u00e9 de l\u2019offre\u00a0: Du 11\/01\/17 au 24\/06\/17 inclus dans la limite des disponibilit\u00e9s du Parc.<\/p>\n<\/li>\n<li><a href=\"http:\/\/www.corsica-rent-car.com\/\" target=\"_blank\" rel=\"noopener noreferrer\">Corsica Rent<\/a>,<\/li>\n<li><a href=\"https:\/\/www.avis.fr\/\" target=\"_blank\" rel=\"noopener noreferrer\">Avis<\/a>,<\/li>\n<li><a href=\"https:\/\/www.budget.fr\/\" target=\"_blank\" rel=\"noopener noreferrer\">Budget<\/a>,<\/li>\n<li><a href=\"http:\/\/www.rentalcars.com\/\" target=\"_blank\" rel=\"noopener noreferrer\">Rent a car<\/a>,<\/li>\n<li><a href=\"https:\/\/www.europcar.fr\/\" target=\"_blank\" rel=\"noopener noreferrer\">Europcar<\/a>,<\/li>\n<li><a href=\"http:\/\/www.liligo.fr\/location-voiture.html\" target=\"_blank\" rel=\"noopener noreferrer\">Lilligo<\/a>,<\/li>\n<li><a href=\"https:\/\/www.hertz.fr\/rentacar\/reservation\/\" target=\"_blank\" rel=\"noopener noreferrer\">Hertz<\/a>&#8230;<\/li>\n<\/ul>\n<p>En revanche, il faudra \u00eatre prudents sur les routes&#8230;<img loading=\"lazy\" class=\"wp-image-326 aligncenter\" src=\"https:\/\/www.jenniferetlaurent.com\/wp-content\/uploads\/2016\/11\/Ane-1-300x258.jpg\" alt=\"ane\" width=\"191\" height=\"164\" srcset=\"https:\/\/www.jenniferetlaurent.com\/wp-content\/uploads\/2016\/11\/Ane-1-300x258.jpg 300w, https:\/\/www.jenniferetlaurent.com\/wp-content\/uploads\/2016\/11\/Ane-1-540x465.jpg 540w, https:\/\/www.jenniferetlaurent.com\/wp-content\/uploads\/2016\/11\/Ane-1.jpg 558w\" sizes=\"(max-width: 191px) 100vw, 191px\" \/><\/p>\n","protected":false},"excerpt":{"rendered":"<p>Les\u00a0H\u00e9bergements Chers Amis, Chers membres de nos familles, Vous trouverez dans cette page que nous mettrons \u00e0 jour r\u00e9guli\u00e8rement les adresses de tous les h\u00e9bergements que nous vous recommandons autour du lieu de la soir\u00e9e. Vous trouverez aussi ici quelques conseils pratiques et toutes les informations que nous ne pouvions pas mettre dans le faire-part. [&hellip;]<\/p>\n","protected":false},"author":1,"featured_media":0,"parent":0,"menu_order":0,"comment_status":"closed","ping_status":"closed","template":"page-templates\/full-width.php","meta":[],"_links":{"self":[{"href":"https:\/\/www.jenniferetlaurent.com\/index.php\/wp-json\/wp\/v2\/pages\/311"}],"collection":[{"href":"https:\/\/www.jenniferetlaurent.com\/index.php\/wp-json\/wp\/v2\/pages"}],"about":[{"href":"https:\/\/www.jenniferetlaurent.com\/index.php\/wp-json\/wp\/v2\/types\/page"}],"author":[{"embeddable":true,"href":"https:\/\/www.jenniferetlaurent.com\/index.php\/wp-json\/wp\/v2\/users\/1"}],"replies":[{"embeddable":true,"href":"https:\/\/www.jenniferetlaurent.com\/index.php\/wp-json\/wp\/v2\/comments?post=311"}],"version-history":[{"count":5,"href":"https:\/\/www.jenniferetlaurent.com\/index.php\/wp-json\/wp\/v2\/pages\/311\/revisions"}],"predecessor-version":[{"id":1170,"href":"https:\/\/www.jenniferetlaurent.com\/index.php\/wp-json\/wp\/v2\/pages\/311\/revisions\/1170"}],"wp:attachment":[{"href":"https:\/\/www.jenniferetlaurent.com\/index.php\/wp-json\/wp\/v2\/media?parent=311"}],"curies":[{"name":"wp","href":"https:\/\/api.w.org\/{rel}","templated":true}]}}